{"id":2730,"date":"2022-01-12T21:58:33","date_gmt":"2022-01-12T21:58:33","guid":{"rendered":"https:\/\/fragile-family.ch\/impressum-mentions-legales\/"},"modified":"2022-01-13T22:40:43","modified_gmt":"2022-01-13T22:40:43","slug":"impressum-mentions-legales","status":"publish","type":"page","link":"https:\/\/fragile-family.ch\/fr\/impressum-mentions-legales\/","title":{"rendered":"Impressum &amp; protection des donn\u00e9es"},"content":{"rendered":"<p>[et_pb_section fb_built=\u00a0\u00bb1&Prime; _builder_version=\u00a0\u00bb4.0.1&Prime; background_color=\u00a0\u00bb#41BCCE\u00a0\u00bb bottom_divider_flip=\u00a0\u00bbhorizontal\u00a0\u00bb bottom_divider_height_tablet=\u00a0\u00bb60px\u00a0\u00bb bottom_divider_height_phone=\u00a0\u00bb\u00a0\u00bb bottom_divider_height_last_edited=\u00a0\u00bbon|phone\u00a0\u00bb][et_pb_row custom_padding_last_edited=\u00a0\u00bbon|phone\u00a0\u00bb _builder_version=\u00a0\u00bb4.0.1&Prime; width_tablet=\u00a0\u00bb\u00a0\u00bb width_phone=\u00a0\u00bb90%\u00a0\u00bb width_last_edited=\u00a0\u00bbon|phone\u00a0\u00bb max_width=\u00a0\u00bb1229px\u00a0\u00bb custom_margin_tablet=\u00a0\u00bb\u00a0\u00bb custom_margin_phone=\u00a0\u00bb\u00a0\u00bb custom_margin_last_edited=\u00a0\u00bbon|desktop\u00a0\u00bb custom_padding=\u00a0\u00bb4vw||0px||false|false\u00a0\u00bb custom_padding_tablet=\u00a0\u00bb\u00a0\u00bb custom_padding_phone=\u00a0\u00bb2vw||||false|false\u00a0\u00bb][et_pb_column type=\u00a0\u00bb4_4&Prime; _builder_version=\u00a0\u00bb3.29.3&Prime;][et_pb_text _builder_version=\u00a0\u00bb4.0.1&Prime; text_font=\u00a0\u00bbLuckiest Guy||||||||\u00a0\u00bb text_text_color=\u00a0\u00bb#fdc73d\u00a0\u00bb text_font_size=\u00a0\u00bb60px\u00a0\u00bb text_line_height=\u00a0\u00bb1.6em\u00a0\u00bb header_font=\u00a0\u00bbLuckiest Guy||||||||\u00a0\u00bb header_text_color=\u00a0\u00bb#FDC73D\u00a0\u00bb header_font_size=\u00a0\u00bb60px\u00a0\u00bb header_letter_spacing=\u00a0\u00bb1px\u00a0\u00bb hover_enabled=\u00a0\u00bb0&Prime; header_font_size_tablet=\u00a0\u00bb50px\u00a0\u00bb header_font_size_phone=\u00a0\u00bb30px\u00a0\u00bb header_font_size_last_edited=\u00a0\u00bbon|phone\u00a0\u00bb header_letter_spacing_last_edited=\u00a0\u00bboff|phone\u00a0\u00bb text_text_shadow_style=\u00a0\u00bbpreset5&Prime; text_text_shadow_color=\u00a0\u00bbrgba(0,0,0,0.2)\u00a0\u00bb header_text_shadow_style=\u00a0\u00bbpreset5&Prime; header_text_shadow_color=\u00a0\u00bbrgba(0,0,0,0.26)\u00a0\u00bb]<\/p>\n<h1><strong>Impressum &amp; protection des donn\u00e9es<br \/><\/strong><\/h1>\n<p>[\/et_pb_text][\/et_pb_column][\/et_pb_row][et_pb_row custom_padding_last_edited=\u00a0\u00bbon|desktop\u00a0\u00bb _builder_version=\u00a0\u00bb4.0.1&Prime; width_tablet=\u00a0\u00bb\u00a0\u00bb width_phone=\u00a0\u00bb90%\u00a0\u00bb width_last_edited=\u00a0\u00bbon|desktop\u00a0\u00bb custom_padding=\u00a0\u00bb2vw||||false|false\u00a0\u00bb custom_padding_tablet=\u00a0\u00bb2vw||||false|false\u00a0\u00bb custom_padding_phone=\u00a0\u00bb\u00a0\u00bb][et_pb_column type=\u00a0\u00bb4_4&Prime; _builder_version=\u00a0\u00bb3.29.3&Prime;][et_pb_text _builder_version=\u00a0\u00bb4.0.1&Prime; text_font=\u00a0\u00bbCairo||||||||\u00a0\u00bb text_text_color=\u00a0\u00bb#ffffff\u00a0\u00bb text_font_size=\u00a0\u00bb24px\u00a0\u00bb text_line_height=\u00a0\u00bb1.6em\u00a0\u00bb hover_enabled=\u00a0\u00bb0&Prime; text_font_size_tablet=\u00a0\u00bb20px\u00a0\u00bb text_font_size_phone=\u00a0\u00bb16px\u00a0\u00bb text_font_size_last_edited=\u00a0\u00bbon|phone\u00a0\u00bb text_line_height_tablet=\u00a0\u00bb1.4em\u00a0\u00bb text_line_height_phone=\u00a0\u00bb1.3em\u00a0\u00bb text_line_height_last_edited=\u00a0\u00bbon|phone\u00a0\u00bb link_text_color=\u00a0\u00bb#ffffff\u00a0\u00bb]<\/p>\n<p><strong><\/strong><\/p>\n<p><strong>FRAGILE Suisse<\/strong><br \/> Association suisse pour les personnes c\u00e9r\u00e9brol\u00e9s\u00e9es<br \/> Badenerstrasse 696<br \/> 8048 Zurich<\/p>\n<p><a href=\"tel:0443603060\">T\u00e9l. 044 360 30 60<\/a><br \/><a href=\"mailto:%20webmaster@fragile.ch\"> webmaster@fragile.ch<\/a><\/p>\n<p><strong>Num\u00e9ro d\u2019identification des entreprises (IDE):<\/strong><br \/> CHE\u2011106.828.937<\/p>\n<p><strong>Dons:<\/strong><br \/> CCP 80-10132-0 \/ IBAN CH77 0900 0000 8001 0132 0<\/p>\n<p><strong>Responsables du contenu r\u00e9dactionnel:<\/strong><br \/> Janine Sobernheim<\/p>\n<p><strong>Conception et design:<\/strong><br \/> Rebel Communication GmbH<\/p>\n<p><strong>Support technique:<\/strong><br \/> Rebel Communication GmbH<\/p>\n<p><strong>Photos:<\/strong><\/p>\n<p>[\/et_pb_text][\/et_pb_column][\/et_pb_row][et_pb_row custom_padding_last_edited=\u00a0\u00bbon|desktop\u00a0\u00bb _builder_version=\u00a0\u00bb4.0.1&Prime; width_tablet=\u00a0\u00bb\u00a0\u00bb width_phone=\u00a0\u00bb90%\u00a0\u00bb width_last_edited=\u00a0\u00bbon|desktop\u00a0\u00bb custom_padding=\u00a0\u00bb6vw||||false|false\u00a0\u00bb custom_padding_tablet=\u00a0\u00bb6vw||0px||false|false\u00a0\u00bb custom_padding_phone=\u00a0\u00bb||0px||false|false\u00a0\u00bb hover_enabled=\u00a0\u00bb0&Prime;][et_pb_column type=\u00a0\u00bb4_4&Prime; _builder_version=\u00a0\u00bb3.29.3&Prime;][et_pb_text _builder_version=\u00a0\u00bb4.0.1&Prime; text_font=\u00a0\u00bbLuckiest Guy||||||||\u00a0\u00bb text_text_color=\u00a0\u00bb#FDC73D\u00a0\u00bb text_font_size=\u00a0\u00bb60px\u00a0\u00bb text_letter_spacing=\u00a0\u00bb1px\u00a0\u00bb text_line_height=\u00a0\u00bb1.6em\u00a0\u00bb header_2_font=\u00a0\u00bbLuckiest Guy||||||||\u00a0\u00bb header_2_text_color=\u00a0\u00bb#FDC73D\u00a0\u00bb header_2_font_size=\u00a0\u00bb50px\u00a0\u00bb header_2_letter_spacing=\u00a0\u00bb1px\u00a0\u00bb hover_enabled=\u00a0\u00bb0&Prime; header_2_font_size_tablet=\u00a0\u00bb\u00a0\u00bb header_2_font_size_phone=\u00a0\u00bb25px\u00a0\u00bb header_2_font_size_last_edited=\u00a0\u00bbon|tablet\u00a0\u00bb header_2_letter_spacing_last_edited=\u00a0\u00bboff|phone\u00a0\u00bb header_2_text_shadow_style=\u00a0\u00bbpreset5&Prime; header_2_text_shadow_color=\u00a0\u00bbrgba(0,0,0,0.35)\u00a0\u00bb locked=\u00a0\u00bboff\u00a0\u00bb]<\/p>\n<h2 class=\"et_pb_module_header et-fb-editable-element et-fb-editable-element__editing\" data-shortcode-id=\"6.0.0.0-1571296826294\" data-quickaccess-id=\"header\">Mentions l\u00e9gales<\/h2>\n<p>[\/et_pb_text][\/et_pb_column][\/et_pb_row][et_pb_row custom_padding_last_edited=\u00a0\u00bbon|desktop\u00a0\u00bb _builder_version=\u00a0\u00bb4.0.1&Prime; width_tablet=\u00a0\u00bb\u00a0\u00bb width_phone=\u00a0\u00bb90%\u00a0\u00bb width_last_edited=\u00a0\u00bbon|desktop\u00a0\u00bb custom_padding=\u00a0\u00bb2vw||||false|false\u00a0\u00bb custom_padding_tablet=\u00a0\u00bb2vw||||false|false\u00a0\u00bb custom_padding_phone=\u00a0\u00bb\u00a0\u00bb][et_pb_column type=\u00a0\u00bb4_4&Prime; _builder_version=\u00a0\u00bb3.29.3&Prime;][et_pb_text _builder_version=\u00a0\u00bb4.0.1&Prime; text_font=\u00a0\u00bbCairo||||||||\u00a0\u00bb text_text_color=\u00a0\u00bb#ffffff\u00a0\u00bb text_font_size=\u00a0\u00bb24px\u00a0\u00bb text_line_height=\u00a0\u00bb1.6em\u00a0\u00bb hover_enabled=\u00a0\u00bb0&Prime; text_font_size_tablet=\u00a0\u00bb20px\u00a0\u00bb text_font_size_phone=\u00a0\u00bb16px\u00a0\u00bb text_font_size_last_edited=\u00a0\u00bbon|phone\u00a0\u00bb text_line_height_tablet=\u00a0\u00bb1.4em\u00a0\u00bb text_line_height_phone=\u00a0\u00bb1.3em\u00a0\u00bb text_line_height_last_edited=\u00a0\u00bbon|phone\u00a0\u00bb header_3_text_color=\u00a0\u00bb#ffffff\u00a0\u00bb header_3_font=\u00a0\u00bbCairo|700|||||||\u00a0\u00bb header_3_font_size=\u00a0\u00bb24px\u00a0\u00bb link_text_color=\u00a0\u00bb#ffffff\u00a0\u00bb link_font=\u00a0\u00bb|700|||||||\u00a0\u00bb]<\/p>\n<div id=\"c3026\" class=\"frame frame-default frame-type-dce_dceuid3 frame-layout-0\">\n<div class=\"ceLeadtext\">\n<div class=\"wrapper\">\n<div class=\"columns\">\n<div class=\"span8\">\n<p class=\"leadText desktop\">En utilisant et\/ou en consultant les informations, logiciels, documents propos\u00e9s par le site Internet de FRAGILE Suisse, vous acceptez express\u00e9ment les dispositions suivantes.<\/p>\n<p class=\"leadText desktop\">\n<\/div>\n<\/div>\n<\/div>\n<\/div>\n<\/div>\n<div id=\"c2455\" class=\"frame frame-default frame-type-dce_dceuid8 frame-layout-0\">\n<div class=\"ceText\">\n<div class=\"wrapper\">\n<div class=\"columns\">\n<div class=\"span8\">\n<h3>Protection et s\u00e9curit\u00e9 des donn\u00e9es<\/h3>\n<p>Chaque fois que vous fournissez des renseignements personnels en ligne, vous le faites \u00e0 vos risques et p\u00e9rils. Les donn\u00e9es envoy\u00e9es par Internet peuvent se perdre ou tomber entre les mains de personnes non autoris\u00e9es. Nous prot\u00e9geons les donn\u00e9es personnelles par des mesures appropri\u00e9es lors de leur transfert et de leur enregistrement.  <\/p>\n<p>En prenant contact avec FRAGILE Suisse, vous acceptez que FRAGILE Suisse enregistre vos donn\u00e9es et puisse envoyer des informations sur ses prestations \u00e0 votre adresse postale et \u00e0 votre adresse \u00e9lectronique. Vous pouvez \u00e0 tout moment refuser que vos donn\u00e9es soient utilis\u00e9es \u00e0 des fins d\u2019information et de marketing. En l&rsquo;absence d\u2019indication contraire, ces donn\u00e9es ne sont pas transmises \u00e0 des tiers.  <\/p>\n<h3>Droits d\u2019auteur<\/h3>\n<p>Les droits d\u2019auteur ainsi que tous les autres droits li\u00e9s aux contenus, photographies ou autres fichiers se trouvant sur le site Internet appartiennent \u00e0 FRAGILE Suisse ou \u00e0 d\u2019autres propri\u00e9taires sp\u00e9cialement nomm\u00e9s. La reproduction de tout \u00e9l\u00e9ment exige l\u2019autorisation pr\u00e9alable \u00e9crite des titulaires des droits d\u2019auteur. <\/p>\n<p>Le nom FRAGILE Suisse, les noms des associations r\u00e9gionales ainsi que les \u00e9l\u00e9ments des logos sont des marques prot\u00e9g\u00e9es. Nous ne sommes pas propri\u00e9taires des marques mentionn\u00e9es dans les informations, documents et indications contenus dans nos pages Internet. <\/p>\n<h3>Le site n\u2019est pas une offre\/exclusion de responsabilit\u00e9<\/h3>\n<p>L&rsquo;objet de ces pages web est de transmettre des informations sur FRAGILE Suisse et ses associations r\u00e9gionales ainsi que sur ses produits et services. Elles ne constituent pas une offre au sens juridique du terme. Ces pages Internet ont \u00e9t\u00e9 \u00e9labor\u00e9es avec le plus grand soin. N\u00e9anmoins, nous ne garantissons pas que les informations, logiciels, documents ou autres indications fournis soient sans erreur, actualis\u00e9s et complets.  <\/p>\n<h3>Exclusion de responsabilit\u00e9<\/h3>\n<p>Nous d\u00e9clinons toute responsabilit\u00e9 en cas de pr\u00e9judice direct ou indirect pouvant \u00eatre li\u00e9 \u00e0 l&rsquo;utilisation d&rsquo;un logiciel, d&rsquo;informations et de mat\u00e9riel propos\u00e9s par notre site Internet ou moyennant l&rsquo;acc\u00e8s \u00e0 des liens vers d&rsquo;autres pages Internet. Nous ne garantissons pas que les informations, logiciels, documents ou autres indications accessibles par ces autres pages Internet soient exempts de virus ou d&rsquo;autres composants dommageables. <\/p>\n<p>FRAGILE Suisse respecte son devoir de diligence lorsqu\u2019elle choisit les professionnels qui, sur son site Internet ou dans son forum, dispensent renseignements et conseils sur mandat de l\u2019organisation. FRAGILE Suisse recourt uniquement \u00e0 des conseillers et conseill\u00e8res disposant des qualifications n\u00e9cessaires. Les conseillers et conseill\u00e8res, de m\u00eame que FRAGILE Suisse, excluent leur responsabilit\u00e9, dans les limites autoris\u00e9es par la loi (voir art. 100 CO), pour tous les dommages qui se produisent dans le cadre ou \u00e0 la suite de cette activit\u00e9 de conseil. <\/p>\n<h3>Liens<\/h3>\n<p>Les renvois et liens vers d\u2019autres sites Internet ne sont pas de notre responsabilit\u00e9. FRAGILE Suisse d\u00e9cline toute responsabilit\u00e9 au sujet de ces sites. L\u2019acc\u00e8s \u00e0 ces sites et leur utilisation se fait aux risques et p\u00e9rils de l\u2019utilisateur\/trice.  <\/p>\n<h3>Google<\/h3>\n<p>Ce site utilise Google Analytics, Google AdWords, Google Remarketing et Google Tag Manager. Ces services analysent le comportement des visiteurs du site et permettent de g\u00e9n\u00e9rer des publicit\u00e9s sur mesure. Les services en questions utilisent des \u00abcookies\u00bb (traceurs), donn\u00e9es texte qui sont enregistr\u00e9es sur votre ordinateur et permettent d&rsquo;analyser votre utilisation du site. Les donn\u00e9es r\u00e9colt\u00e9es via les cookies concernant votre utilisation de ce site sont transf\u00e9r\u00e9es en r\u00e8gle g\u00e9n\u00e9rale sur un serveur de Google aux Etats-Unis et enregistr\u00e9es sur place. Dans le cas d&rsquo;une activation de l&rsquo;anonymisation de l&rsquo;IP sur ce site, votre adresse IP sera abr\u00e9g\u00e9e au pr\u00e9alable par Google, dans les Etats membres de l&rsquo;Union Europ\u00e9enne ou dans les autres Etats membres du trait\u00e9 de l&rsquo;espace \u00e9conomique europ\u00e9en. C\u2019est seulement dans des cas exceptionnels que l&rsquo;adresse IP compl\u00e8te sera transmise \u00e0 un serveur de Google aux Etats-Unis et abr\u00e9g\u00e9e \u00e0 ce moment-l\u00e0. Google utilisera ces informations pour le compte de l\u2019\u00e9diteur de ce site, afin d&rsquo;analyser votre utilisation du site, de r\u00e9diger des rapports sur les activit\u00e9s du site et de fournir \u00e0 l\u2019\u00e9diteur du site d\u2019autres prestations li\u00e9es \u00e0 l\u2019utilisation du site et d\u2019Internet. L\u2019adresse IP transmise par votre navigateur ne sera pas reli\u00e9e \u00e0 d\u2019autres donn\u00e9es de Google. Vous pouvez d\u00e9sactiver l\u2019enregistrement des cookies par un simple param\u00e9trage de votre logiciel de navigation Internet: dans ce cas, vous ne pourrez probablement pas utiliser certaines fonctions de ce site Internet de mani\u00e8re optimale. Vous pouvez aussi emp\u00eacher l&rsquo;enregistrement de vos donn\u00e9es personnelles (votre adresse IP comprise) engendr\u00e9 par les cookies et l&rsquo;utilisation du site, ainsi que l&rsquo;exploitation de ces donn\u00e9es par Google, en t\u00e9l\u00e9chargeant et installant le plugin de navigateur via le lien suivant: <a href=\"http:\/\/tools.google.com\/dlpage\/gaoptout?hl=de\" target=\"_blank\" rel=\"noopener noreferrer\">https:\/\/tools.google.com\/dlpage\/gaoptout?hl=fr<\/a>.         <\/p>\n<h3>Cookies<\/h3>\n<p>Ce site Internet utilise des cookies: il s\u2019agit de fichiers texte qui sont enregistr\u00e9s dans votre ordinateur par un navigateur Internet. Les cookies permettent aux utilisateurs\/trices d\u2019utiliser notre site Internet de mani\u00e8re optimale. Vous pouvez \u00e0 tout moment emp\u00eacher l\u2019installation de cookies sur votre ordinateur par notre site Internet en param\u00e9trant votre navigateur \u00e0 cet effet. Ainsi, vous d\u00e9sactivez les cookies durablement. Par ailleurs, vous pouvez \u00e0 tout moment supprimer les cookies install\u00e9s en utilisant un navigateur Internet ou d\u2019autres logiciels. Il est possible que, sans cookies, ce site Internet ne fonctionne pas correctement. La personne qui renonce \u00e0 d\u00e9sactiver les cookies d\u00e9clare ainsi qu\u2019elle accepte que le site utilise des cookies.     <\/p>\n<h3>Modifications des dispositions\/Ajouts<\/h3>\n<p>De temps \u00e0 autre, FRAGILE Suisse adapte cette page en fonction des derni\u00e8res dispositions l\u00e9gales. Nous nous r\u00e9servons le droit de compl\u00e9ter en tout temps notre site Internet, de modificer ou de supprimer des informations. Veuillez consulter cette page \u00e0 chacune de vos visites sur notre site Internet.  <\/p>\n<\/div>\n<\/div>\n<\/div>\n<\/div>\n<\/div>\n<p>[\/et_pb_text][\/et_pb_column][\/et_pb_row][\/et_pb_section]<\/p>\n","protected":false},"excerpt":{"rendered":"<p>Impressum &amp; protection des donn\u00e9es FRAGILE Suisse Association suisse pour les personnes c\u00e9r\u00e9brol\u00e9s\u00e9es Badenerstrasse 696 8048 Zurich T\u00e9l. 044 360 30 60 webmaster@fragile.ch Num\u00e9ro d\u2019identification des entreprises (IDE): CHE\u2011106.828.937 Dons: CCP 80-10132-0 \/ IBAN CH77 0900 0000 8001 0132 0 Responsables du contenu r\u00e9dactionnel: Janine Sobernheim Conception et design: Rebel Communication GmbH Support technique: Rebel [&hellip;]<\/p>\n","protected":false},"author":2,"featured_media":0,"parent":0,"menu_order":0,"comment_status":"closed","ping_status":"closed","template":"","meta":{"_et_pb_use_builder":"on","_et_pb_old_content":"","_et_gb_content_width":"","_monsterinsights_skip_tracking":false,"_monsterinsights_sitenote_active":false,"_monsterinsights_sitenote_note":"","_monsterinsights_sitenote_category":0,"footnotes":""},"class_list":["post-2730","page","type-page","status-publish","hentry"],"yoast_head":"<!-- This site is optimized with the Yoast SEO plugin v26.7 - https:\/\/yoast.com\/wordpress\/plugins\/seo\/ -->\n<title>Impressum &amp; protection des donn\u00e9es - Fragile Family<\/title>\n<meta name=\"robots\" content=\"index, follow, max-snippet:-1, max-image-preview:large, max-video-preview:-1\" \/>\n<link rel=\"canonical\" href=\"https:\/\/fragile-family.ch\/fr\/impressum-mentions-legales\/\" \/>\n<meta property=\"og:locale\" content=\"fr_FR\" \/>\n<meta property=\"og:type\" content=\"article\" \/>\n<meta property=\"og:title\" content=\"Impressum &amp; protection des donn\u00e9es - Fragile Family\" \/>\n<meta property=\"og:description\" content=\"Impressum &amp; protection des donn\u00e9es FRAGILE Suisse Association suisse pour les personnes c\u00e9r\u00e9brol\u00e9s\u00e9es Badenerstrasse 696 8048 Zurich T\u00e9l. 044 360 30 60 webmaster@fragile.ch Num\u00e9ro d\u2019identification des entreprises (IDE): CHE\u2011106.828.937 Dons: CCP 80-10132-0 \/ IBAN CH77 0900 0000 8001 0132 0 Responsables du contenu r\u00e9dactionnel: Janine Sobernheim Conception et design: Rebel Communication GmbH Support technique: Rebel [&hellip;]\" \/>\n<meta property=\"og:url\" content=\"https:\/\/fragile-family.ch\/fr\/impressum-mentions-legales\/\" \/>\n<meta property=\"og:site_name\" content=\"Fragile Family\" \/>\n<meta property=\"article:modified_time\" content=\"2022-01-13T22:40:43+00:00\" \/>\n<meta name=\"twitter:card\" content=\"summary_large_image\" \/>\n<meta name=\"twitter:label1\" content=\"Dur\u00e9e de lecture estim\u00e9e\" \/>\n\t<meta name=\"twitter:data1\" content=\"8 minutes\" \/>\n<script type=\"application\/ld+json\" class=\"yoast-schema-graph\">{\"@context\":\"https:\/\/schema.org\",\"@graph\":[{\"@type\":\"WebPage\",\"@id\":\"https:\/\/fragile-family.ch\/fr\/impressum-mentions-legales\/\",\"url\":\"https:\/\/fragile-family.ch\/fr\/impressum-mentions-legales\/\",\"name\":\"Impressum &amp; protection des donn\u00e9es - Fragile Family\",\"isPartOf\":{\"@id\":\"https:\/\/fragile-family.ch\/fr\/#website\"},\"datePublished\":\"2022-01-12T21:58:33+00:00\",\"dateModified\":\"2022-01-13T22:40:43+00:00\",\"breadcrumb\":{\"@id\":\"https:\/\/fragile-family.ch\/fr\/impressum-mentions-legales\/#breadcrumb\"},\"inLanguage\":\"fr-FR\",\"potentialAction\":[{\"@type\":\"ReadAction\",\"target\":[\"https:\/\/fragile-family.ch\/fr\/impressum-mentions-legales\/\"]}]},{\"@type\":\"BreadcrumbList\",\"@id\":\"https:\/\/fragile-family.ch\/fr\/impressum-mentions-legales\/#breadcrumb\",\"itemListElement\":[{\"@type\":\"ListItem\",\"position\":1,\"name\":\"Home\",\"item\":\"https:\/\/fragile-family.ch\/fr\/\"},{\"@type\":\"ListItem\",\"position\":2,\"name\":\"Impressum &amp; protection des donn\u00e9es\"}]},{\"@type\":\"WebSite\",\"@id\":\"https:\/\/fragile-family.ch\/fr\/#website\",\"url\":\"https:\/\/fragile-family.ch\/fr\/\",\"name\":\"Fragile Family\",\"description\":\"Just another WordPress site\",\"potentialAction\":[{\"@type\":\"SearchAction\",\"target\":{\"@type\":\"EntryPoint\",\"urlTemplate\":\"https:\/\/fragile-family.ch\/fr\/?s={search_term_string}\"},\"query-input\":{\"@type\":\"PropertyValueSpecification\",\"valueRequired\":true,\"valueName\":\"search_term_string\"}}],\"inLanguage\":\"fr-FR\"}]}<\/script>\n<!-- \/ Yoast SEO plugin. -->","yoast_head_json":{"title":"Impressum &amp; protection des donn\u00e9es - Fragile Family","robots":{"index":"index","follow":"follow","max-snippet":"max-snippet:-1","max-image-preview":"max-image-preview:large","max-video-preview":"max-video-preview:-1"},"canonical":"https:\/\/fragile-family.ch\/fr\/impressum-mentions-legales\/","og_locale":"fr_FR","og_type":"article","og_title":"Impressum &amp; protection des donn\u00e9es - Fragile Family","og_description":"Impressum &amp; protection des donn\u00e9es FRAGILE Suisse Association suisse pour les personnes c\u00e9r\u00e9brol\u00e9s\u00e9es Badenerstrasse 696 8048 Zurich T\u00e9l. 044 360 30 60 webmaster@fragile.ch Num\u00e9ro d\u2019identification des entreprises (IDE): CHE\u2011106.828.937 Dons: CCP 80-10132-0 \/ IBAN CH77 0900 0000 8001 0132 0 Responsables du contenu r\u00e9dactionnel: Janine Sobernheim Conception et design: Rebel Communication GmbH Support technique: Rebel [&hellip;]","og_url":"https:\/\/fragile-family.ch\/fr\/impressum-mentions-legales\/","og_site_name":"Fragile Family","article_modified_time":"2022-01-13T22:40:43+00:00","twitter_card":"summary_large_image","twitter_misc":{"Dur\u00e9e de lecture estim\u00e9e":"8 minutes"},"schema":{"@context":"https:\/\/schema.org","@graph":[{"@type":"WebPage","@id":"https:\/\/fragile-family.ch\/fr\/impressum-mentions-legales\/","url":"https:\/\/fragile-family.ch\/fr\/impressum-mentions-legales\/","name":"Impressum &amp; protection des donn\u00e9es - Fragile Family","isPartOf":{"@id":"https:\/\/fragile-family.ch\/fr\/#website"},"datePublished":"2022-01-12T21:58:33+00:00","dateModified":"2022-01-13T22:40:43+00:00","breadcrumb":{"@id":"https:\/\/fragile-family.ch\/fr\/impressum-mentions-legales\/#breadcrumb"},"inLanguage":"fr-FR","potentialAction":[{"@type":"ReadAction","target":["https:\/\/fragile-family.ch\/fr\/impressum-mentions-legales\/"]}]},{"@type":"BreadcrumbList","@id":"https:\/\/fragile-family.ch\/fr\/impressum-mentions-legales\/#breadcrumb","itemListElement":[{"@type":"ListItem","position":1,"name":"Home","item":"https:\/\/fragile-family.ch\/fr\/"},{"@type":"ListItem","position":2,"name":"Impressum &amp; protection des donn\u00e9es"}]},{"@type":"WebSite","@id":"https:\/\/fragile-family.ch\/fr\/#website","url":"https:\/\/fragile-family.ch\/fr\/","name":"Fragile Family","description":"Just another WordPress site","potentialAction":[{"@type":"SearchAction","target":{"@type":"EntryPoint","urlTemplate":"https:\/\/fragile-family.ch\/fr\/?s={search_term_string}"},"query-input":{"@type":"PropertyValueSpecification","valueRequired":true,"valueName":"search_term_string"}}],"inLanguage":"fr-FR"}]}},"_links":{"self":[{"href":"https:\/\/fragile-family.ch\/fr\/wp-json\/wp\/v2\/pages\/2730","targetHints":{"allow":["GET"]}}],"collection":[{"href":"https:\/\/fragile-family.ch\/fr\/wp-json\/wp\/v2\/pages"}],"about":[{"href":"https:\/\/fragile-family.ch\/fr\/wp-json\/wp\/v2\/types\/page"}],"author":[{"embeddable":true,"href":"https:\/\/fragile-family.ch\/fr\/wp-json\/wp\/v2\/users\/2"}],"replies":[{"embeddable":true,"href":"https:\/\/fragile-family.ch\/fr\/wp-json\/wp\/v2\/comments?post=2730"}],"version-history":[{"count":18,"href":"https:\/\/fragile-family.ch\/fr\/wp-json\/wp\/v2\/pages\/2730\/revisions"}],"predecessor-version":[{"id":3085,"href":"https:\/\/fragile-family.ch\/fr\/wp-json\/wp\/v2\/pages\/2730\/revisions\/3085"}],"wp:attachment":[{"href":"https:\/\/fragile-family.ch\/fr\/wp-json\/wp\/v2\/media?parent=2730"}],"curies":[{"name":"wp","href":"https:\/\/api.w.org\/{rel}","templated":true}]}}